{"id":16,"date":"2019-07-07T15:50:03","date_gmt":"2019-07-07T13:50:03","guid":{"rendered":"http:\/\/amm-aikido.fr\/?page_id=16"},"modified":"2025-07-06T20:15:57","modified_gmt":"2025-07-06T18:15:57","slug":"le-club","status":"publish","type":"page","link":"http:\/\/amm-aikido.fr\/index.php\/le-club\/","title":{"rendered":"Le club"},"content":{"rendered":"\n<figure class=\"wp-block-image\"><img loading=\"lazy\" width=\"1500\" height=\"630\" src=\"http:\/\/amm-aikido.fr\/wp-content\/uploads\/2019\/07\/le_club-1500x630.jpg\" alt=\"\" class=\"wp-image-169\"\/><\/figure>\n\n\n\n<hr class=\"wp-block-separator has-css-opacity\"\/>\n\n\n\n<div class=\"wp-block-media-text alignwide\" style=\"grid-template-columns:10% auto\"><figure class=\"wp-block-media-text__media\"><img loading=\"lazy\" width=\"300\" height=\"300\" src=\"http:\/\/amm-aikido.fr\/wp-content\/uploads\/2019\/07\/AIKIDO-LOGO-GRIS-1-Officiel.png\" alt=\"\" class=\"wp-image-10\" srcset=\"http:\/\/amm-aikido.fr\/wp-content\/uploads\/2019\/07\/AIKIDO-LOGO-GRIS-1-Officiel.png 300w, http:\/\/amm-aikido.fr\/wp-content\/uploads\/2019\/07\/AIKIDO-LOGO-GRIS-1-Officiel-80x80.png 80w, http:\/\/amm-aikido.fr\/wp-content\/uploads\/2019\/07\/AIKIDO-LOGO-GRIS-1-Officiel-36x36.png 36w, http:\/\/amm-aikido.fr\/wp-content\/uploads\/2019\/07\/AIKIDO-LOGO-GRIS-1-Officiel-180x180.png 180w, http:\/\/amm-aikido.fr\/wp-content\/uploads\/2019\/07\/AIKIDO-LOGO-GRIS-1-Officiel-120x120.png 120w\" sizes=\"(max-width: 300px) 100vw, 300px\" \/><\/figure><div class=\"wp-block-media-text__content\">\n\n<p class=\"has-normal-font-size\">\nCr\u00e9\u00e9e en 1982 (statuts d\u00e9pos\u00e9s le 20.11.1982), l\u2019Association ARTS MARTIAUX MULHOUSE a succ\u00e9d\u00e9 \u00e0 l\u2019I.A.M. (Institut des Arts Martiaux) qui existait depuis 1976. Cette premi\u00e8re association \u00e9tait dirig\u00e9e techniquement par le regrett\u00e9 Italo AMADEO. Le dojo \u00e9tait situ\u00e9 dans l\u2019enceinte de la caserne des sapeurs pompiers \u00e0 la cit\u00e9 administrative de Mulhouse et l\u2019on y pratiquait que l\u2019a\u00efkido.\n<\/p>\n\n<\/div><\/div>\n\n\n\n<p>Lorsque Italo nous a quitt\u00e9 pour aller s\u2019installer dans la r\u00e9gion de Grenoble, la direction du club a \u00e9t\u00e9 assur\u00e9e par Emile FATH, lequel par la suite a \u00e9t\u00e9 \u00e9lu Pr\u00e9sident de la Ligue d\u2019Alsace d\u2019a\u00efkido.<\/p>\n\n\n\n<p>\u00c0&nbsp;l\u2019origine r\u00e9serv\u00e9e aux membres des corps constitu\u00e9s (police, gendarmerie, douane et sapeurs pompiers), l\u2019association s\u2019est enrichie progressivement de membres civils, alors que les corps constitu\u00e9s \u00e9taient de moins en moins nombreux . Si bien, qu\u2019un jour, sur l\u2019injonction du chef de corps des Sapeurs Pompiers. il a fallu quitter les lieux. Nous avons \u00e9t\u00e9 nous installer au dojo du Squash 3000, rue de Belfort \u00e0 Mulhouse.L\u2019association AMM a alors vu le jour et, apr\u00e8s des fortunes diverses, notamment plusieurs diff\u00e9rents avec les propri\u00e9taires du Squash 3000, elle s\u2019est fix\u00e9e au C.S.R.A (Centre Sportif R\u00e9gional Alsace) rue des Fr\u00e8res Lumi\u00e8re \u00e0 Mulhouse puis parall\u00e8lement au dojo du C.C.C. 6 a, rue de la Tuilerie \u00e0 Mulhouse.<\/p>\n\n\n\n<figure class=\"wp-block-image size-large\"><img loading=\"lazy\" width=\"1030\" height=\"688\" src=\"http:\/\/amm-aikido.fr\/wp-content\/uploads\/2023\/12\/DSC_0918a-1030x688.jpg\" alt=\"\" class=\"wp-image-510\" srcset=\"http:\/\/amm-aikido.fr\/wp-content\/uploads\/2023\/12\/DSC_0918a-1030x688.jpg 1030w, http:\/\/amm-aikido.fr\/wp-content\/uploads\/2023\/12\/DSC_0918a-300x200.jpg 300w, http:\/\/amm-aikido.fr\/wp-content\/uploads\/2023\/12\/DSC_0918a-768x513.jpg 768w, http:\/\/amm-aikido.fr\/wp-content\/uploads\/2023\/12\/DSC_0918a-1536x1026.jpg 1536w, http:\/\/amm-aikido.fr\/wp-content\/uploads\/2023\/12\/DSC_0918a-2048x1368.jpg 2048w, http:\/\/amm-aikido.fr\/wp-content\/uploads\/2023\/12\/DSC_0918a-1500x1002.jpg 1500w, http:\/\/amm-aikido.fr\/wp-content\/uploads\/2023\/12\/DSC_0918a-705x471.jpg 705w, http:\/\/amm-aikido.fr\/wp-content\/uploads\/2023\/12\/DSC_0918a-450x301.jpg 450w\" sizes=\"(max-width: 1030px) 100vw, 1030px\" \/><figcaption>Le haut en commen\u00e7ant&nbsp; par la gauche :&nbsp;<br>Ang\u00e9lique, &nbsp;Yves, Marc, Emmanuel, Roll, Svetlana, Franck, David<br>Le bas en commen\u00e7ant par la gauche :&nbsp;<br>Rico, Yavuz, Olivier, Pascal<\/figcaption><\/figure>\n\n\n\n<h3><strong>Nouveaut\u00e9 :<\/strong><\/h3>\n\n\n\n<p><\/p>\n\n\n\n<h3>L\u2019association est dirig\u00e9e techniquement par :<\/h3>\n\n\n\n<ul><li>Yavuz Toklu, 4\u00e8me DAN d&rsquo;A\u00eekido, titulaire du Brevet F\u00e9d\u00e9ral<\/li><li>Olivier COGNARD, 4\u00e8me DAN d\u2019A\u00efkido, titulaire du Brevet F\u00e9d\u00e9ral<\/li><li>Pascal Willemart, 1er DAN d\u2019A\u00efkido, titulaire du Brevet F\u00e9d\u00e9ral<\/li><\/ul>\n\n\n\n<h3><strong>Membre d\u2019Honneur :<\/strong><\/h3>\n\n\n\n<ul><li>Emile FATH 6\u00e8me dan d\u2019a\u00efkido, brevet\u00e9 d\u2019Etat 2\u00e8me degr\u00e9 , Pr\u00e9sident d\u2019Honneur de la Ligue d\u2019Alsace d\u2019A\u00efkido F.F.A.A.A.<\/li><li>Pierre ROUSSEL-GALLE 6\u00e8me DAN d\u2019A\u00efkido, titulaire du Brevet d\u2019Etat 1er degr\u00e9.<\/li><li>Marc WILLIG, 5\u00e8me DAN d\u2019A\u00efkido, titulaire du Brevet F\u00e9d\u00e9ral<\/li><\/ul>\n\n\n\n<h2>L&rsquo;\u00e9quipe :<\/h2>\n\n\n\n<div class=\"wp-container-6 wp-block-columns has-6-columns\">\n<div class=\"wp-container-1 wp-block-column\">\n<figure class=\"wp-block-image\"><img loading=\"lazy\" width=\"500\" height=\"500\" src=\"http:\/\/amm-aikido.fr\/wp-content\/uploads\/2019\/07\/5.jpg\" alt=\"\" class=\"wp-image-185\" srcset=\"http:\/\/amm-aikido.fr\/wp-content\/uploads\/2019\/07\/5.jpg 500w, http:\/\/amm-aikido.fr\/wp-content\/uploads\/2019\/07\/5-80x80.jpg 80w, http:\/\/amm-aikido.fr\/wp-content\/uploads\/2019\/07\/5-300x300.jpg 300w, http:\/\/amm-aikido.fr\/wp-content\/uploads\/2019\/07\/5-36x36.jpg 36w, http:\/\/amm-aikido.fr\/wp-content\/uploads\/2019\/07\/5-180x180.jpg 180w, http:\/\/amm-aikido.fr\/wp-content\/uploads\/2019\/07\/5-120x120.jpg 120w, http:\/\/amm-aikido.fr\/wp-content\/uploads\/2019\/07\/5-450x450.jpg 450w\" sizes=\"(max-width: 500px) 100vw, 500px\" \/><\/figure>\n\n\n\n<p class=\"has-text-align-center\">EMMANUEL FRADIER <br>PR\u00c9SIDENT <\/p>\n\n\n\n<p class=\"has-text-align-center\">1er DAN D&rsquo;A\u00cfKIDO <\/p>\n<\/div>\n\n\n\n<div class=\"wp-container-2 wp-block-column\">\n<figure class=\"wp-block-image size-full is-resized is-style-rounded\"><img loading=\"lazy\" src=\"http:\/\/amm-aikido.fr\/wp-content\/uploads\/2023\/12\/Franck-tresorier.jpg\" alt=\"\" class=\"wp-image-550\" width=\"178\" height=\"270\"\/><\/figure>\n\n\n\n<p class=\"has-text-align-center\">FRANCK EVERHART<br>TR\u00c9SORIER <\/p>\n<\/div>\n\n\n\n<div class=\"wp-container-3 wp-block-column\">\n<figure class=\"wp-block-image size-large is-resized\"><img loading=\"lazy\" src=\"http:\/\/amm-aikido.fr\/wp-content\/uploads\/2024\/07\/Yavuz-1-684x1030.jpg\" alt=\"\" class=\"wp-image-637\" width=\"167\" height=\"250\" srcset=\"http:\/\/amm-aikido.fr\/wp-content\/uploads\/2024\/07\/Yavuz-1-684x1030.jpg 684w, http:\/\/amm-aikido.fr\/wp-content\/uploads\/2024\/07\/Yavuz-1-450x677.jpg 450w, http:\/\/amm-aikido.fr\/wp-content\/uploads\/2024\/07\/Yavuz-1.jpg 764w\" sizes=\"(max-width: 167px) 100vw, 167px\" \/><\/figure>\n\n\n\n<p class=\"has-text-align-center\">YAVUZ TOKLU<br> 4\u00c8ME DAN D\u2019A\u00cfKIDO<br>\u00a0ENSEIGNANT<\/p>\n<\/div>\n\n\n\n<div class=\"wp-container-4 wp-block-column\">\n<figure class=\"wp-block-image\"><img loading=\"lazy\" width=\"500\" height=\"500\" src=\"http:\/\/amm-aikido.fr\/wp-content\/uploads\/2019\/07\/3.jpg\" alt=\"\" class=\"wp-image-162\" srcset=\"http:\/\/amm-aikido.fr\/wp-content\/uploads\/2019\/07\/3.jpg 500w, http:\/\/amm-aikido.fr\/wp-content\/uploads\/2019\/07\/3-80x80.jpg 80w, http:\/\/amm-aikido.fr\/wp-content\/uploads\/2019\/07\/3-300x300.jpg 300w, http:\/\/amm-aikido.fr\/wp-content\/uploads\/2019\/07\/3-36x36.jpg 36w, http:\/\/amm-aikido.fr\/wp-content\/uploads\/2019\/07\/3-180x180.jpg 180w, http:\/\/amm-aikido.fr\/wp-content\/uploads\/2019\/07\/3-120x120.jpg 120w, http:\/\/amm-aikido.fr\/wp-content\/uploads\/2019\/07\/3-450x450.jpg 450w\" sizes=\"(max-width: 500px) 100vw, 500px\" \/><\/figure>\n\n\n\n<p class=\"has-text-align-center\">OLIVIER COGNARD<br> 4\u00c8ME DAN D\u2019A\u00cfKIDO <br>ENSEIGNANT ADJOINT<\/p>\n<\/div>\n\n\n\n<div class=\"wp-container-5 wp-block-column\"><\/div>\n<\/div>\n\n\n\n<div class=\"wp-block-media-text alignwide is-stacked-on-mobile\"><figure class=\"wp-block-media-text__media\"><img loading=\"lazy\" width=\"1030\" height=\"786\" src=\"http:\/\/amm-aikido.fr\/wp-content\/uploads\/2024\/06\/SmartSelect_20240610_220752_Gallery-1030x786.jpg\" alt=\"\" class=\"wp-image-621 size-full\" srcset=\"http:\/\/amm-aikido.fr\/wp-content\/uploads\/2024\/06\/SmartSelect_20240610_220752_Gallery-1030x786.jpg 1030w, http:\/\/amm-aikido.fr\/wp-content\/uploads\/2024\/06\/SmartSelect_20240610_220752_Gallery-300x229.jpg 300w, http:\/\/amm-aikido.fr\/wp-content\/uploads\/2024\/06\/SmartSelect_20240610_220752_Gallery-768x586.jpg 768w, http:\/\/amm-aikido.fr\/wp-content\/uploads\/2024\/06\/SmartSelect_20240610_220752_Gallery-1536x1172.jpg 1536w, http:\/\/amm-aikido.fr\/wp-content\/uploads\/2024\/06\/SmartSelect_20240610_220752_Gallery-2048x1562.jpg 2048w, http:\/\/amm-aikido.fr\/wp-content\/uploads\/2024\/06\/SmartSelect_20240610_220752_Gallery-1500x1144.jpg 1500w, http:\/\/amm-aikido.fr\/wp-content\/uploads\/2024\/06\/SmartSelect_20240610_220752_Gallery-705x538.jpg 705w, http:\/\/amm-aikido.fr\/wp-content\/uploads\/2024\/06\/SmartSelect_20240610_220752_Gallery-450x343.jpg 450w\" sizes=\"(max-width: 1030px) 100vw, 1030px\" \/><\/figure><div class=\"wp-block-media-text__content\">\n<p>Deux nouveaux titulaires du Brevet F\u00e9d\u00e9ral 2024!<\/p>\n\n\n\n<p>Yavouz et Pascal<\/p>\n\n\n\n<p>F\u00e9licitations!<\/p>\n<\/div><\/div>\n","protected":false},"excerpt":{"rendered":"<p>Cr\u00e9\u00e9e en 1982 (statuts d\u00e9pos\u00e9s le 20.11.1982), l\u2019Association ARTS MARTIAUX MULHOUSE a succ\u00e9d\u00e9 \u00e0 l\u2019I.A.M. (Institut des Arts Martiaux) qui existait depuis 1976. Cette premi\u00e8re association \u00e9tait dirig\u00e9e techniquement par le regrett\u00e9 Italo AMADEO. Le dojo \u00e9tait situ\u00e9 dans l\u2019enceinte de la caserne des sapeurs pompiers \u00e0 la cit\u00e9 administrative de Mulhouse et l\u2019on y [&hellip;]<\/p>\n","protected":false},"author":1,"featured_media":0,"parent":0,"menu_order":2,"comment_status":"closed","ping_status":"closed","template":"","meta":[],"_links":{"self":[{"href":"http:\/\/amm-aikido.fr\/index.php\/wp-json\/wp\/v2\/pages\/16"}],"collection":[{"href":"http:\/\/amm-aikido.fr\/index.php\/wp-json\/wp\/v2\/pages"}],"about":[{"href":"http:\/\/amm-aikido.fr\/index.php\/wp-json\/wp\/v2\/types\/page"}],"author":[{"embeddable":true,"href":"http:\/\/amm-aikido.fr\/index.php\/wp-json\/wp\/v2\/users\/1"}],"replies":[{"embeddable":true,"href":"http:\/\/amm-aikido.fr\/index.php\/wp-json\/wp\/v2\/comments?post=16"}],"version-history":[{"count":32,"href":"http:\/\/amm-aikido.fr\/index.php\/wp-json\/wp\/v2\/pages\/16\/revisions"}],"predecessor-version":[{"id":791,"href":"http:\/\/amm-aikido.fr\/index.php\/wp-json\/wp\/v2\/pages\/16\/revisions\/791"}],"wp:attachment":[{"href":"http:\/\/amm-aikido.fr\/index.php\/wp-json\/wp\/v2\/media?parent=16"}],"curies":[{"name":"wp","href":"https:\/\/api.w.org\/{rel}","templated":true}]}}