{"id":19,"date":"2019-07-07T15:53:13","date_gmt":"2019-07-07T13:53:13","guid":{"rendered":"http:\/\/amm-aikido.fr\/?page_id=19"},"modified":"2019-07-28T16:41:46","modified_gmt":"2019-07-28T14:41:46","slug":"laikido","status":"publish","type":"page","link":"http:\/\/amm-aikido.fr\/index.php\/laikido\/","title":{"rendered":"L\u2019a\u00efkido"},"content":{"rendered":"\n<figure class=\"wp-block-image\"><img loading=\"lazy\" width=\"1500\" height=\"630\" src=\"http:\/\/amm-aikido.fr\/wp-content\/uploads\/2019\/07\/laikido-1500x630.jpg\" alt=\"\" class=\"wp-image-167\"\/><\/figure>\n\n\n\n<hr class=\"wp-block-separator\"\/>\n\n\n\n<div class=\"wp-block-media-text alignwide\" style=\"grid-template-columns:10% auto\"><figure class=\"wp-block-media-text__media\"><img loading=\"lazy\" width=\"224\" height=\"300\" src=\"http:\/\/amm-aikido.fr\/wp-content\/uploads\/2019\/07\/small_symbol_aikido_caligraphie.jpg\" alt=\"\" class=\"wp-image-20\"\/><\/figure><div class=\"wp-block-media-text__content\">\n<p style=\"text-align:left\" class=\"has-normal-font-size\">\n\nL\u2019a\u00efkido est un budo, fond\u00e9 par Morihei Ueshiba au cours du&nbsp;XXe&nbsp;si\u00e8cle, (officiellement reconnu par le gouvernement japonais en 1940 sous le nom d\u2019<em>aikibudo<\/em>), mais bas\u00e9 sur des \u00e9coles d\u2019arts martiaux bien plus anciennes (essentiellement, le&nbsp;<em>ju-jitsu<\/em>&nbsp;de l\u2019\u00e9cole&nbsp;<em>daito ryu<\/em>, l\u2019escrime ou&nbsp;<em>kenjutsu<\/em>&nbsp;et l\u2019aikijutsu). L\u2019a\u00efkido est ainsi n\u00e9 de la rencontre entre ces techniques martiales et d\u2019une r\u00e9flexion m\u00e9taphysique de Ma\u00eetre Ueshiba sur le sens de la pratique martiale.\n\n<\/p>\n<\/div><\/div>\n\n\n\n<p>L\u2019a\u00efkido est un budo, fond\u00e9 par Morihei Ueshiba au cours du&nbsp;XXe&nbsp;si\u00e8cle, (officiellement reconnu par le gouvernement japonais en 1940 sous le nom d\u2019<em>aikibudo<\/em>), mais bas\u00e9 sur des \u00e9coles d\u2019arts martiaux bien plus anciennes (essentiellement, le&nbsp;<em>ju-jitsu<\/em>&nbsp;de l\u2019\u00e9cole&nbsp;<em>daito ryu<\/em>, l\u2019escrime ou&nbsp;<em>kenjutsu<\/em>&nbsp;et l\u2019aikijutsu). L\u2019a\u00efkido est ainsi n\u00e9 de la rencontre entre ces techniques martiales et d\u2019une r\u00e9flexion m\u00e9taphysique de Ma\u00eetre Ueshiba sur le sens de la pratique martiale.<\/p>\n\n\n\n<p>L\u2019a\u00efkido se compose de techniques aux armes et \u00e0 mains nues utilisant la force de l\u2019adversaire, ou plut\u00f4t son agressivit\u00e9 et sa volont\u00e9 de nuire. En fait, dans l\u2019esprit de l\u2019a\u00efkido, il n\u2019y a pas de combat, puisque celui-ci se termine au moment m\u00eame o\u00f9 il commence. Conform\u00e9ment \u00e0 cette logique, il n\u2019existe pas de comp\u00e9tition d\u2019a\u00efkido.<\/p>\n\n\n\n<p>L\u2019a\u00efkido est pratiqu\u00e9 par des femmes et des hommes de toutes tailles et \u00e2ges. Le but de la pratique est de s\u2019am\u00e9liorer, de progresser (techniquement, physiquement et mentalement) dans la bonne humeur. Ne sont montr\u00e9es que des techniques respectant le partenaire. Particuli\u00e8rement complexe, son utilisation en combat r\u00e9el n\u00e9cessite un haut niveau de pratique. L\u2019a\u00efkido n\u2019est donc pas un moyen pour apprendre \u00e0 se battre. Malgr\u00e9 tout, l\u2019a\u00efkido permet de se pr\u00e9parer autant physiquement que mentalement et techniquement \u00e0 l\u2019\u00e9ventualit\u00e9 d\u2019attaques de toutes sortes\u2026<\/p>\n\n\n\n<p>Il est important de noter d\u00e8s cette introduction qu\u2019il existe diff\u00e9rents styles d\u2019a\u00efkido r\u00e9pondant \u00e0 diff\u00e9rentes aspirations. Le style le plus r\u00e9pandu est celui initi\u00e9 par le fils du fondateur, style connu sous le nom d\u2019<em>A\u00efkikai<\/em>. Cependant pour comprendre l\u2019existence d\u2019\u00e9coles diff\u00e9rentes, il faut prendre en compte le fait que le fondateur de l\u2019a\u00efkido a cr\u00e9\u00e9 cet art martial et l\u2019a d\u00e9velopp\u00e9 tout au long de sa vie. L\u2019\u00e9volution des techniques s\u2019est faite jusqu\u2019\u00e0 sa mort. Les disciples ont donc propag\u00e9 la technique d\u2019un A\u00efkido en perp\u00e9tuelle \u00e9volution\u2026.<\/p>\n\n\n\n<p><\/p>\n","protected":false},"excerpt":{"rendered":"<p>L\u2019a\u00efkido est un budo, fond\u00e9 par Morihei Ueshiba au cours du&nbsp;XXe&nbsp;si\u00e8cle, (officiellement reconnu par le gouvernement japonais en 1940 sous le nom d\u2019aikibudo), mais bas\u00e9 sur des \u00e9coles d\u2019arts martiaux bien plus anciennes (essentiellement, le&nbsp;ju-jitsu&nbsp;de l\u2019\u00e9cole&nbsp;daito ryu, l\u2019escrime ou&nbsp;kenjutsu&nbsp;et l\u2019aikijutsu). L\u2019a\u00efkido est ainsi n\u00e9 de la rencontre entre ces techniques martiales et d\u2019une r\u00e9flexion m\u00e9taphysique [&hellip;]<\/p>\n","protected":false},"author":1,"featured_media":0,"parent":0,"menu_order":1,"comment_status":"closed","ping_status":"closed","template":"","meta":[],"_links":{"self":[{"href":"http:\/\/amm-aikido.fr\/index.php\/wp-json\/wp\/v2\/pages\/19"}],"collection":[{"href":"http:\/\/amm-aikido.fr\/index.php\/wp-json\/wp\/v2\/pages"}],"about":[{"href":"http:\/\/amm-aikido.fr\/index.php\/wp-json\/wp\/v2\/types\/page"}],"author":[{"embeddable":true,"href":"http:\/\/amm-aikido.fr\/index.php\/wp-json\/wp\/v2\/users\/1"}],"replies":[{"embeddable":true,"href":"http:\/\/amm-aikido.fr\/index.php\/wp-json\/wp\/v2\/comments?post=19"}],"version-history":[{"count":9,"href":"http:\/\/amm-aikido.fr\/index.php\/wp-json\/wp\/v2\/pages\/19\/revisions"}],"predecessor-version":[{"id":242,"href":"http:\/\/amm-aikido.fr\/index.php\/wp-json\/wp\/v2\/pages\/19\/revisions\/242"}],"wp:attachment":[{"href":"http:\/\/amm-aikido.fr\/index.php\/wp-json\/wp\/v2\/media?parent=19"}],"curies":[{"name":"wp","href":"https:\/\/api.w.org\/{rel}","templated":true}]}}