{"id":40,"date":"2019-07-07T16:21:14","date_gmt":"2019-07-07T14:21:14","guid":{"rendered":"http:\/\/amm-aikido.fr\/?page_id=40"},"modified":"2020-01-12T18:52:54","modified_gmt":"2020-01-12T17:52:54","slug":"nos-partenaires","status":"publish","type":"page","link":"http:\/\/amm-aikido.fr\/index.php\/nos-partenaires\/","title":{"rendered":"Liens utiles"},"content":{"rendered":"\n<figure class=\"wp-block-image\"><img loading=\"lazy\" width=\"1500\" height=\"630\" src=\"http:\/\/amm-aikido.fr\/wp-content\/uploads\/2019\/07\/liens_utiles-1500x630.jpg\" alt=\"\" class=\"wp-image-181\"\/><\/figure>\n\n\n\n<hr class=\"wp-block-separator\"\/>\n\n\n\n<h2>  Liens utiles <\/h2>\n\n\n\n<div class=\"wp-block-media-text alignwide\" style=\"grid-template-columns:27% auto\"><figure class=\"wp-block-media-text__media\"><img loading=\"lazy\" width=\"500\" height=\"500\" src=\"http:\/\/amm-aikido.fr\/wp-content\/uploads\/2019\/07\/Sans-titre-1.jpg\" alt=\"\" class=\"wp-image-204\" srcset=\"http:\/\/amm-aikido.fr\/wp-content\/uploads\/2019\/07\/Sans-titre-1.jpg 500w, http:\/\/amm-aikido.fr\/wp-content\/uploads\/2019\/07\/Sans-titre-1-80x80.jpg 80w, http:\/\/amm-aikido.fr\/wp-content\/uploads\/2019\/07\/Sans-titre-1-300x300.jpg 300w, http:\/\/amm-aikido.fr\/wp-content\/uploads\/2019\/07\/Sans-titre-1-36x36.jpg 36w, http:\/\/amm-aikido.fr\/wp-content\/uploads\/2019\/07\/Sans-titre-1-180x180.jpg 180w, http:\/\/amm-aikido.fr\/wp-content\/uploads\/2019\/07\/Sans-titre-1-120x120.jpg 120w, http:\/\/amm-aikido.fr\/wp-content\/uploads\/2019\/07\/Sans-titre-1-450x450.jpg 450w\" sizes=\"(max-width: 500px) 100vw, 500px\" \/><\/figure><div class=\"wp-block-media-text__content\">\n<h4 class=\"has-text-align-center\"><strong>F\u00e9d\u00e9ration Fran\u00e7aise d\u2019A\u00efkido, d\u2019A\u00efkibudo et Affinitaires<\/strong><\/h4>\n\n\n\n<div class=\"wp-block-button aligncenter\"><a class=\"wp-block-button__link\" href=\"https:\/\/www.aikido.com.fr\/\"> d\u00e9couvrir <\/a><\/div>\n\n\n\n<p><\/p>\n<\/div><\/div>\n\n\n\n<hr class=\"wp-block-separator\"\/>\n\n\n\n<h2>Partenaires<\/h2>\n\n\n\n<div class=\"wp-container-4 wp-block-columns has-3-columns\">\n<div class=\"wp-container-1 wp-block-column\">\n<h4 class=\"has-text-align-center\">La ville de Mulhouse<\/h4>\n\n\n\n<div class=\"wp-block-image\"><figure class=\"aligncenter\"><img loading=\"lazy\" width=\"500\" height=\"500\" src=\"http:\/\/amm-aikido.fr\/wp-content\/uploads\/2019\/07\/mulhouse.jpg\" alt=\"\" class=\"wp-image-197\" srcset=\"http:\/\/amm-aikido.fr\/wp-content\/uploads\/2019\/07\/mulhouse.jpg 500w, http:\/\/amm-aikido.fr\/wp-content\/uploads\/2019\/07\/mulhouse-80x80.jpg 80w, http:\/\/amm-aikido.fr\/wp-content\/uploads\/2019\/07\/mulhouse-300x300.jpg 300w, http:\/\/amm-aikido.fr\/wp-content\/uploads\/2019\/07\/mulhouse-36x36.jpg 36w, http:\/\/amm-aikido.fr\/wp-content\/uploads\/2019\/07\/mulhouse-180x180.jpg 180w, http:\/\/amm-aikido.fr\/wp-content\/uploads\/2019\/07\/mulhouse-120x120.jpg 120w, http:\/\/amm-aikido.fr\/wp-content\/uploads\/2019\/07\/mulhouse-450x450.jpg 450w\" sizes=\"(max-width: 500px) 100vw, 500px\" \/><\/figure><\/div>\n\n\n\n<div class=\"wp-block-button aligncenter\"><a class=\"wp-block-button__link\" href=\"https:\/\/www.mulhouse.fr\/\">d\u00e9couvrir<\/a><\/div>\n\n\n\n<p><\/p>\n<\/div>\n\n\n\n<div class=\"wp-container-2 wp-block-column\">\n<h4 class=\"has-text-align-center\">L&rsquo;universit\u00e9 de Haute-Alsace<\/h4>\n\n\n\n<div class=\"wp-block-image\"><figure class=\"aligncenter\"><img loading=\"lazy\" width=\"500\" height=\"500\" src=\"http:\/\/amm-aikido.fr\/wp-content\/uploads\/2019\/07\/uha.jpg\" alt=\"\" class=\"wp-image-199\" srcset=\"http:\/\/amm-aikido.fr\/wp-content\/uploads\/2019\/07\/uha.jpg 500w, http:\/\/amm-aikido.fr\/wp-content\/uploads\/2019\/07\/uha-80x80.jpg 80w, http:\/\/amm-aikido.fr\/wp-content\/uploads\/2019\/07\/uha-300x300.jpg 300w, http:\/\/amm-aikido.fr\/wp-content\/uploads\/2019\/07\/uha-36x36.jpg 36w, http:\/\/amm-aikido.fr\/wp-content\/uploads\/2019\/07\/uha-180x180.jpg 180w, http:\/\/amm-aikido.fr\/wp-content\/uploads\/2019\/07\/uha-120x120.jpg 120w, http:\/\/amm-aikido.fr\/wp-content\/uploads\/2019\/07\/uha-450x450.jpg 450w\" sizes=\"(max-width: 500px) 100vw, 500px\" \/><\/figure><\/div>\n\n\n\n<div class=\"wp-block-button aligncenter\"><a class=\"wp-block-button__link\" href=\"https:\/\/www.uha.fr\/\">d\u00e9couvrir<\/a><\/div>\n<\/div>\n\n\n\n<div class=\"wp-container-3 wp-block-column\">\n<h4 class=\"has-text-align-center\">le groupe D\u00e9cathlon<\/h4>\n\n\n\n<div class=\"wp-block-image\"><figure class=\"aligncenter\"><img loading=\"lazy\" width=\"500\" height=\"500\" src=\"http:\/\/amm-aikido.fr\/wp-content\/uploads\/2019\/07\/decathelon.jpg\" alt=\"\" class=\"wp-image-200\" srcset=\"http:\/\/amm-aikido.fr\/wp-content\/uploads\/2019\/07\/decathelon.jpg 500w, http:\/\/amm-aikido.fr\/wp-content\/uploads\/2019\/07\/decathelon-80x80.jpg 80w, http:\/\/amm-aikido.fr\/wp-content\/uploads\/2019\/07\/decathelon-300x300.jpg 300w, http:\/\/amm-aikido.fr\/wp-content\/uploads\/2019\/07\/decathelon-36x36.jpg 36w, http:\/\/amm-aikido.fr\/wp-content\/uploads\/2019\/07\/decathelon-180x180.jpg 180w, http:\/\/amm-aikido.fr\/wp-content\/uploads\/2019\/07\/decathelon-120x120.jpg 120w, http:\/\/amm-aikido.fr\/wp-content\/uploads\/2019\/07\/decathelon-450x450.jpg 450w\" sizes=\"(max-width: 500px) 100vw, 500px\" \/><\/figure><\/div>\n\n\n\n<div class=\"wp-block-button aligncenter\"><a class=\"wp-block-button__link\" href=\"https:\/\/www.decathlon.fr\/\">d\u00e9couvrir<\/a><\/div>\n<\/div>\n<\/div>\n\n\n\n<hr class=\"wp-block-separator\"\/>\n\n\n\n<h4 class=\"has-text-align-center\">\n\nMerci \u00e0 Rico pour son financement des autocollants suite \u00e0 notre nouveau logo \u00e9labor\u00e9 par Aldebaran.&nbsp;<\/h4>\n\n\n\n<div class=\"wp-block-image\"><figure class=\"aligncenter\"><img loading=\"lazy\" width=\"180\" height=\"180\" src=\"http:\/\/amm-aikido.fr\/wp-content\/uploads\/2019\/07\/la-palma-180x180.jpg\" alt=\"\" class=\"wp-image-195\" srcset=\"http:\/\/amm-aikido.fr\/wp-content\/uploads\/2019\/07\/la-palma-180x180.jpg 180w, http:\/\/amm-aikido.fr\/wp-content\/uploads\/2019\/07\/la-palma-80x80.jpg 80w, http:\/\/amm-aikido.fr\/wp-content\/uploads\/2019\/07\/la-palma-300x300.jpg 300w, http:\/\/amm-aikido.fr\/wp-content\/uploads\/2019\/07\/la-palma-36x36.jpg 36w, http:\/\/amm-aikido.fr\/wp-content\/uploads\/2019\/07\/la-palma-120x120.jpg 120w, http:\/\/amm-aikido.fr\/wp-content\/uploads\/2019\/07\/la-palma-450x450.jpg 450w, http:\/\/amm-aikido.fr\/wp-content\/uploads\/2019\/07\/la-palma.jpg 500w\" sizes=\"(max-width: 180px) 100vw, 180px\" \/><figcaption> Rico La Palma&nbsp;<br>33, rue Acklin&nbsp;<br>68440 Landser&nbsp;  <\/figcaption><\/figure><\/div>\n\n\n\n<p><\/p>\n\n\n\n<p><\/p>\n\n\n\n<p class=\"has-medium-font-size\">Remerciement<\/p>\n\n\n\n<p class=\"has-normal-font-size\">Nous souhaitons remercier les \u00e9tudiants de l&rsquo;Universit\u00e9 Haute Alsace pour leurs travaux: Mimi Huyng, Alan Amadieu, David Doll qui ont cr\u00e9es ce site ainsi que pour l&rsquo;\u00e9laboration de plusieurs moyens de communications. <\/p>\n\n\n\n<p class=\"has-normal-font-size\">Merci \u00e0 notre licenci\u00e9e Annie Schellenbaum enseignante \u00e0 l&rsquo;Universit\u00e9 Haute Alsace de nous avoir donner l&rsquo;opportunit\u00e9 de pouvoir mettre \u00e0 jour ce projet.<\/p>\n","protected":false},"excerpt":{"rendered":"<p>Liens utiles Partenaires La ville de Mulhouse L&rsquo;universit\u00e9 de Haute-Alsace le groupe D\u00e9cathlon Merci \u00e0 Rico pour son financement des autocollants suite \u00e0 notre nouveau logo \u00e9labor\u00e9 par Aldebaran.&nbsp; Remerciement Nous souhaitons remercier les \u00e9tudiants de l&rsquo;Universit\u00e9 Haute Alsace pour leurs travaux: Mimi Huyng, Alan Amadieu, David Doll qui ont cr\u00e9es ce site ainsi que [&hellip;]<\/p>\n","protected":false},"author":1,"featured_media":0,"parent":0,"menu_order":5,"comment_status":"closed","ping_status":"closed","template":"","meta":[],"_links":{"self":[{"href":"http:\/\/amm-aikido.fr\/index.php\/wp-json\/wp\/v2\/pages\/40"}],"collection":[{"href":"http:\/\/amm-aikido.fr\/index.php\/wp-json\/wp\/v2\/pages"}],"about":[{"href":"http:\/\/amm-aikido.fr\/index.php\/wp-json\/wp\/v2\/types\/page"}],"author":[{"embeddable":true,"href":"http:\/\/amm-aikido.fr\/index.php\/wp-json\/wp\/v2\/users\/1"}],"replies":[{"embeddable":true,"href":"http:\/\/amm-aikido.fr\/index.php\/wp-json\/wp\/v2\/comments?post=40"}],"version-history":[{"count":22,"href":"http:\/\/amm-aikido.fr\/index.php\/wp-json\/wp\/v2\/pages\/40\/revisions"}],"predecessor-version":[{"id":323,"href":"http:\/\/amm-aikido.fr\/index.php\/wp-json\/wp\/v2\/pages\/40\/revisions\/323"}],"wp:attachment":[{"href":"http:\/\/amm-aikido.fr\/index.php\/wp-json\/wp\/v2\/media?parent=40"}],"curies":[{"name":"wp","href":"https:\/\/api.w.org\/{rel}","templated":true}]}}