{"id":43,"date":"2019-07-07T16:28:20","date_gmt":"2019-07-07T14:28:20","guid":{"rendered":"http:\/\/amm-aikido.fr\/?page_id=43"},"modified":"2025-09-22T16:04:50","modified_gmt":"2025-09-22T14:04:50","slug":"contact","status":"publish","type":"page","link":"http:\/\/amm-aikido.fr\/index.php\/contact\/","title":{"rendered":"Contact"},"content":{"rendered":"\n<figure class=\"wp-block-image\"><img loading=\"lazy\" width=\"1500\" height=\"630\" src=\"http:\/\/amm-aikido.fr\/wp-content\/uploads\/2019\/07\/contact-1500x630.jpg\" alt=\"\" class=\"wp-image-183\"\/><\/figure>\n\n\n\n<hr class=\"wp-block-separator has-css-opacity\"\/>\n\n\n\n<p>N&rsquo;h\u00e9sitez pas \u00e0 contacter notre pr\u00e9sident EMMANUEL FRADIER au 06 11 80 51 04<\/p>\n\n\n\n<hr class=\"wp-block-separator has-css-opacity\"\/>\n\n\n\n<h2><\/h2>\n\n\n\n<div class=\"wp-container-3 wp-block-columns has-2-columns\">\n<div class=\"wp-container-1 wp-block-column\">\n<h3 class=\"has-text-align-center\"><\/h3>\n<\/div>\n\n\n\n<div class=\"wp-container-2 wp-block-column\">\n<h3 class=\"has-text-align-center\"><\/h3>\n<\/div>\n<\/div>\n\n\n\n<hr class=\"wp-block-separator has-css-opacity\"\/>\n\n\n\n<h2> Situation g\u00e9ographique <\/h2>\n\n\n\n<p> AMM A\u00efkido : 6a Rue de la Tuilerie, 68200 Mulhouse <\/p>\n\n\n\r\n                \r\n            <div id=\"wpgmza_map\" data-settings='{\"id\":\"1\",\"map_title\":\"Amm aikido mulhouse\",\"map_width\":\"100\",\"map_height\":\"400\",\"map_start_lat\":\"47.770666\",\"map_start_lng\":\"7.321855\",\"map_start_location\":\"47.770665680614485,7.321854615996164\",\"map_start_zoom\":\"17\",\"default_marker\":\"0\",\"type\":\"1\",\"alignment\":\"2\",\"directions_enabled\":\"1\",\"styling_enabled\":\"0\",\"styling_json\":\"\",\"active\":\"0\",\"kml\":\"\",\"bicycle\":\"2\",\"traffic\":\"2\",\"dbox\":\"1\",\"dbox_width\":\"100\",\"listmarkers\":\"0\",\"listmarkers_advanced\":\"0\",\"filterbycat\":\"0\",\"ugm_enabled\":\"0\",\"ugm_category_enabled\":\"0\",\"fusion\":\"\",\"map_width_type\":\"\\\\%\",\"map_height_type\":\"px\",\"mass_marker_support\":\"1\",\"ugm_access\":\"0\",\"order_markers_by\":\"1\",\"order_markers_choice\":\"2\",\"show_user_location\":\"0\",\"default_to\":\"\",\"other_settings\":{\"store_locator_enabled\":2,\"store_locator_distance\":2,\"store_locator_default_radius\":10,\"store_locator_not_found_message\":\"No results found in this location. Please try again.\",\"store_locator_bounce\":1,\"store_locator_query_string\":\"Code Postal \\\/ Adresse\",\"store_locator_default_address\":\"\",\"wpgmza_store_locator_restrict\":\"\",\"store_locator_style\":\"modern\",\"wpgmza_store_locator_radius_style\":\"modern\",\"map_max_zoom\":\"1\",\"transport_layer\":2,\"wpgmza_show_points_of_interest\":0,\"wpgmza_auto_night\":0}}' data-shortcode-attributes='{\"id\":\"1\"}' style=\"display:block; overflow:auto; width:100%; height:400px; margin-left:auto !important; margin-right:auto; !important; align:center;\">\r\n            \r\n            <\/div>\r\n        \n","protected":false},"excerpt":{"rendered":"<p>N&rsquo;h\u00e9sitez pas \u00e0 contacter notre pr\u00e9sident EMMANUEL FRADIER au 06 11 80 51 04 Situation g\u00e9ographique AMM A\u00efkido : 6a Rue de la Tuilerie, 68200 Mulhouse<\/p>\n","protected":false},"author":1,"featured_media":0,"parent":0,"menu_order":7,"comment_status":"closed","ping_status":"closed","template":"","meta":[],"_links":{"self":[{"href":"http:\/\/amm-aikido.fr\/index.php\/wp-json\/wp\/v2\/pages\/43"}],"collection":[{"href":"http:\/\/amm-aikido.fr\/index.php\/wp-json\/wp\/v2\/pages"}],"about":[{"href":"http:\/\/amm-aikido.fr\/index.php\/wp-json\/wp\/v2\/types\/page"}],"author":[{"embeddable":true,"href":"http:\/\/amm-aikido.fr\/index.php\/wp-json\/wp\/v2\/users\/1"}],"replies":[{"embeddable":true,"href":"http:\/\/amm-aikido.fr\/index.php\/wp-json\/wp\/v2\/comments?post=43"}],"version-history":[{"count":11,"href":"http:\/\/amm-aikido.fr\/index.php\/wp-json\/wp\/v2\/pages\/43\/revisions"}],"predecessor-version":[{"id":823,"href":"http:\/\/amm-aikido.fr\/index.php\/wp-json\/wp\/v2\/pages\/43\/revisions\/823"}],"wp:attachment":[{"href":"http:\/\/amm-aikido.fr\/index.php\/wp-json\/wp\/v2\/media?parent=43"}],"curies":[{"name":"wp","href":"https:\/\/api.w.org\/{rel}","templated":true}]}}