{"id":83,"date":"2019-07-11T15:34:54","date_gmt":"2019-07-11T13:34:54","guid":{"rendered":"http:\/\/amm-aikido.fr\/?page_id=83"},"modified":"2025-12-17T19:02:35","modified_gmt":"2025-12-17T18:02:35","slug":"les-enseignements","status":"publish","type":"page","link":"http:\/\/amm-aikido.fr\/index.php\/les-enseignements\/","title":{"rendered":"Les enseignements"},"content":{"rendered":"\n<figure class=\"wp-block-image\"><img loading=\"lazy\" width=\"1500\" height=\"630\" src=\"http:\/\/amm-aikido.fr\/wp-content\/uploads\/2019\/07\/les_enseignements-1500x630.jpg\" alt=\"\" class=\"wp-image-171\"\/><\/figure>\n\n\n\n<h2 class=\"has-text-align-left has-luminous-vivid-amber-color has-text-color\">Les cours  =>  Reprise des cours Lundi 05\/01\/26 !!!!<\/h2>\n\n\n\n<hr class=\"wp-block-separator has-css-opacity\"\/>\n\n\n\n<div class=\"wp-block-media-text alignwide is-stacked-on-mobile\"><figure class=\"wp-block-media-text__media\"><img loading=\"lazy\" width=\"1030\" height=\"708\" src=\"http:\/\/amm-aikido.fr\/wp-content\/uploads\/2024\/10\/Rentree-2024-1030x708.jpg\" alt=\"\" class=\"wp-image-666 size-full\" srcset=\"http:\/\/amm-aikido.fr\/wp-content\/uploads\/2024\/10\/Rentree-2024-1030x708.jpg 1030w, http:\/\/amm-aikido.fr\/wp-content\/uploads\/2024\/10\/Rentree-2024-300x206.jpg 300w, http:\/\/amm-aikido.fr\/wp-content\/uploads\/2024\/10\/Rentree-2024-768x528.jpg 768w, http:\/\/amm-aikido.fr\/wp-content\/uploads\/2024\/10\/Rentree-2024-1536x1056.jpg 1536w, http:\/\/amm-aikido.fr\/wp-content\/uploads\/2024\/10\/Rentree-2024-2048x1409.jpg 2048w, http:\/\/amm-aikido.fr\/wp-content\/uploads\/2024\/10\/Rentree-2024-1500x1032.jpg 1500w, http:\/\/amm-aikido.fr\/wp-content\/uploads\/2024\/10\/Rentree-2024-705x485.jpg 705w, http:\/\/amm-aikido.fr\/wp-content\/uploads\/2024\/10\/Rentree-2024-450x310.jpg 450w\" sizes=\"(max-width: 1030px) 100vw, 1030px\" \/><\/figure><div class=\"wp-block-media-text__content\">\n<h4><strong>ADULTES  et  Adolescent ( \u00e0 partir de 14ans):<\/strong><\/h4>\n\n\n\n<p>\u2013&nbsp;<strong>Lundi 19h00 \u00e0 20h30 :<\/strong><br>A\u00efkido, tous niveaux, dojo du CCC 6a, Rue de la Tuilerie \u00e0 Mulhouse.<\/p>\n\n\n\n<p>\u2013&nbsp;<strong>Jeudidi de 19h00 \u00e0 20h30 :<\/strong><br>A\u00efkido et armes (ken, jo et tanto) tous niveaux, dojo Milhusina Rue des Gymnases 68200 Mulhouse<\/p>\n\n\n\n<p><\/p>\n<\/div><\/div>\n\n\n\n<p><\/p>\n","protected":false},"excerpt":{"rendered":"<p>Les cours => Reprise des cours Lundi 05\/01\/26 !!!! ADULTES et Adolescent ( \u00e0 partir de 14ans): \u2013&nbsp;Lundi 19h00 \u00e0 20h30 :A\u00efkido, tous niveaux, dojo du CCC 6a, Rue de la Tuilerie \u00e0 Mulhouse. \u2013&nbsp;Jeudidi de 19h00 \u00e0 20h30 :A\u00efkido et armes (ken, jo et tanto) tous niveaux, dojo Milhusina Rue des Gymnases 68200 Mulhouse<\/p>\n","protected":false},"author":1,"featured_media":0,"parent":0,"menu_order":3,"comment_status":"closed","ping_status":"closed","template":"","meta":[],"_links":{"self":[{"href":"http:\/\/amm-aikido.fr\/index.php\/wp-json\/wp\/v2\/pages\/83"}],"collection":[{"href":"http:\/\/amm-aikido.fr\/index.php\/wp-json\/wp\/v2\/pages"}],"about":[{"href":"http:\/\/amm-aikido.fr\/index.php\/wp-json\/wp\/v2\/types\/page"}],"author":[{"embeddable":true,"href":"http:\/\/amm-aikido.fr\/index.php\/wp-json\/wp\/v2\/users\/1"}],"replies":[{"embeddable":true,"href":"http:\/\/amm-aikido.fr\/index.php\/wp-json\/wp\/v2\/comments?post=83"}],"version-history":[{"count":16,"href":"http:\/\/amm-aikido.fr\/index.php\/wp-json\/wp\/v2\/pages\/83\/revisions"}],"predecessor-version":[{"id":842,"href":"http:\/\/amm-aikido.fr\/index.php\/wp-json\/wp\/v2\/pages\/83\/revisions\/842"}],"wp:attachment":[{"href":"http:\/\/amm-aikido.fr\/index.php\/wp-json\/wp\/v2\/media?parent=83"}],"curies":[{"name":"wp","href":"https:\/\/api.w.org\/{rel}","templated":true}]}}