{"id":99,"date":"2023-04-10T23:00:00","date_gmt":"2023-04-10T21:00:00","guid":{"rendered":"http:\/\/amm-aikido.fr\/?page_id=99"},"modified":"2025-01-20T12:04:22","modified_gmt":"2025-01-20T11:04:22","slug":"actualites","status":"publish","type":"page","link":"http:\/\/amm-aikido.fr\/index.php\/actualites\/","title":{"rendered":"Actualit\u00e9s"},"content":{"rendered":"\n<figure class=\"wp-block-image\"><img loading=\"lazy\" width=\"1297\" height=\"630\" src=\"http:\/\/amm-aikido.fr\/wp-content\/uploads\/2019\/08\/actu-1297x630.jpg\" alt=\"\" class=\"wp-image-211\"\/><\/figure>\n\n\n\n<hr class=\"wp-block-separator has-css-opacity\"\/>\n\n\n\n<div class=\"wp-block-media-text alignwide is-stacked-on-mobile\"><figure class=\"wp-block-media-text__media\"><img loading=\"lazy\" width=\"1030\" height=\"773\" src=\"http:\/\/amm-aikido.fr\/wp-content\/uploads\/2025\/01\/474118764_929913389254043_724341358720978855_n-1030x773.jpg\" alt=\"\" class=\"wp-image-733 size-full\" srcset=\"http:\/\/amm-aikido.fr\/wp-content\/uploads\/2025\/01\/474118764_929913389254043_724341358720978855_n-1030x773.jpg 1030w, http:\/\/amm-aikido.fr\/wp-content\/uploads\/2025\/01\/474118764_929913389254043_724341358720978855_n-300x225.jpg 300w, http:\/\/amm-aikido.fr\/wp-content\/uploads\/2025\/01\/474118764_929913389254043_724341358720978855_n-768x576.jpg 768w, http:\/\/amm-aikido.fr\/wp-content\/uploads\/2025\/01\/474118764_929913389254043_724341358720978855_n-1536x1152.jpg 1536w, http:\/\/amm-aikido.fr\/wp-content\/uploads\/2025\/01\/474118764_929913389254043_724341358720978855_n-1500x1125.jpg 1500w, http:\/\/amm-aikido.fr\/wp-content\/uploads\/2025\/01\/474118764_929913389254043_724341358720978855_n-705x529.jpg 705w, http:\/\/amm-aikido.fr\/wp-content\/uploads\/2025\/01\/474118764_929913389254043_724341358720978855_n-450x338.jpg 450w, http:\/\/amm-aikido.fr\/wp-content\/uploads\/2025\/01\/474118764_929913389254043_724341358720978855_n.jpg 2048w\" sizes=\"(max-width: 1030px) 100vw, 1030px\" \/><\/figure><div class=\"wp-block-media-text__content\">\n<p>Stage de base et perfectionnement \u00e0 Mulhouse le 19\/01\/25<\/p>\n<\/div><\/div>\n\n\n\n<div class=\"wp-container-1 wp-block-group alignwide\"><div class=\"wp-block-group__inner-container\">\n<div class=\"wp-block-media-text alignwide is-stacked-on-mobile\"><figure class=\"wp-block-media-text__media\"><img loading=\"lazy\" width=\"963\" height=\"1030\" src=\"http:\/\/amm-aikido.fr\/wp-content\/uploads\/2025\/01\/IMG-20250106-WA0002-1-963x1030.jpg\" alt=\"\" class=\"wp-image-723 size-full\" srcset=\"http:\/\/amm-aikido.fr\/wp-content\/uploads\/2025\/01\/IMG-20250106-WA0002-1-963x1030.jpg 963w, http:\/\/amm-aikido.fr\/wp-content\/uploads\/2025\/01\/IMG-20250106-WA0002-1-281x300.jpg 281w, http:\/\/amm-aikido.fr\/wp-content\/uploads\/2025\/01\/IMG-20250106-WA0002-1-768x821.jpg 768w, http:\/\/amm-aikido.fr\/wp-content\/uploads\/2025\/01\/IMG-20250106-WA0002-1-1436x1536.jpg 1436w, http:\/\/amm-aikido.fr\/wp-content\/uploads\/2025\/01\/IMG-20250106-WA0002-1-1403x1500.jpg 1403w, http:\/\/amm-aikido.fr\/wp-content\/uploads\/2025\/01\/IMG-20250106-WA0002-1-659x705.jpg 659w, http:\/\/amm-aikido.fr\/wp-content\/uploads\/2025\/01\/IMG-20250106-WA0002-1-450x481.jpg 450w, http:\/\/amm-aikido.fr\/wp-content\/uploads\/2025\/01\/IMG-20250106-WA0002-1.jpg 1496w\" sizes=\"(max-width: 963px) 100vw, 963px\" \/><\/figure><div class=\"wp-block-media-text__content\">\n<h2>Galette des rois 2025!!!<\/h2>\n\n\n\n<h2>Apr\u00e8s l&rsquo;effort; le r\u00e9confort!<\/h2>\n<\/div><\/div>\n<\/div><\/div>\n\n\n\n<div class=\"wp-block-media-text alignwide is-stacked-on-mobile\" style=\"grid-template-columns:57% auto\"><figure class=\"wp-block-media-text__media\"><a href=\"http:\/\/amm-aikido.fr\/wp-content\/uploads\/2023\/09\/JPO-2023.jpg\"><img loading=\"lazy\" width=\"1030\" height=\"1030\" src=\"http:\/\/amm-aikido.fr\/wp-content\/uploads\/2023\/09\/JPO-2023-1030x1030.jpg\" alt=\"\" class=\"wp-image-454 size-full\" srcset=\"http:\/\/amm-aikido.fr\/wp-content\/uploads\/2023\/09\/JPO-2023-1030x1030.jpg 1030w, http:\/\/amm-aikido.fr\/wp-content\/uploads\/2023\/09\/JPO-2023-300x300.jpg 300w, http:\/\/amm-aikido.fr\/wp-content\/uploads\/2023\/09\/JPO-2023-80x80.jpg 80w, http:\/\/amm-aikido.fr\/wp-content\/uploads\/2023\/09\/JPO-2023-768x768.jpg 768w, http:\/\/amm-aikido.fr\/wp-content\/uploads\/2023\/09\/JPO-2023-36x36.jpg 36w, http:\/\/amm-aikido.fr\/wp-content\/uploads\/2023\/09\/JPO-2023-180x180.jpg 180w, http:\/\/amm-aikido.fr\/wp-content\/uploads\/2023\/09\/JPO-2023-705x705.jpg 705w, http:\/\/amm-aikido.fr\/wp-content\/uploads\/2023\/09\/JPO-2023-120x120.jpg 120w, http:\/\/amm-aikido.fr\/wp-content\/uploads\/2023\/09\/JPO-2023-450x450.jpg 450w, http:\/\/amm-aikido.fr\/wp-content\/uploads\/2023\/09\/JPO-2023.jpg 1500w\" sizes=\"(max-width: 1030px) 100vw, 1030px\" \/><\/a><\/figure><div class=\"wp-block-media-text__content\">\n<h2>Explor&rsquo;Assos 2023<\/h2>\n\n\n\n<h2>Le stand 6 est pr\u00eat \u00e0 vous accueillir!<\/h2>\n\n\n\n<h2><br>Rendez-vous Dimanche de 10h \u00e0 17h<\/h2>\n\n\n\n<p><\/p>\n\n\n\n<p><\/p>\n<\/div><\/div>\n\n\n\n<div class=\"wp-block-media-text alignwide is-stacked-on-mobile\" style=\"grid-template-columns:57% auto\"><figure class=\"wp-block-media-text__media\"><a href=\"http:\/\/amm-aikido.fr\/wp-content\/uploads\/2023\/08\/passage-grade-4ieme-Kyu-DAVID-19-juin-2023640480.jpg\"><img loading=\"lazy\" width=\"638\" height=\"480\" src=\"http:\/\/amm-aikido.fr\/wp-content\/uploads\/2023\/08\/passage-grade-4ieme-Kyu-DAVID-19-juin-2023640480.jpg\" alt=\"\" class=\"wp-image-435 size-full\" srcset=\"http:\/\/amm-aikido.fr\/wp-content\/uploads\/2023\/08\/passage-grade-4ieme-Kyu-DAVID-19-juin-2023640480.jpg 638w, http:\/\/amm-aikido.fr\/wp-content\/uploads\/2023\/08\/passage-grade-4ieme-Kyu-DAVID-19-juin-2023640480-300x226.jpg 300w, http:\/\/amm-aikido.fr\/wp-content\/uploads\/2023\/08\/passage-grade-4ieme-Kyu-DAVID-19-juin-2023640480-450x339.jpg 450w\" sizes=\"(max-width: 638px) 100vw, 638px\" \/><\/a><\/figure><div class=\"wp-block-media-text__content\">\n<h2><strong>Passage d&rsquo;un nouveau grade <\/strong><\/h2>\n\n\n\n<h2 class=\"has-small-font-size\"><strong>le 19 juin 2023<\/strong><br><\/h2>\n\n\n\n<h2 class=\"has-large-font-size\">David:  4ieme Kyu<\/h2>\n\n\n\n<p>FELICITATIONS !!! <\/p>\n<\/div><\/div>\n\n\n\n<div class=\"wp-block-media-text alignwide is-stacked-on-mobile\" style=\"grid-template-columns:57% auto\"><figure class=\"wp-block-media-text__media\"><a href=\"http:\/\/amm-aikido.fr\/wp-content\/uploads\/2023\/08\/passage-grade-4ieme-Kyu-STEPHANE-12-juin-20231024.jpg\"><img loading=\"lazy\" width=\"1021\" height=\"768\" src=\"http:\/\/amm-aikido.fr\/wp-content\/uploads\/2023\/08\/passage-grade-4ieme-Kyu-STEPHANE-12-juin-20231024.jpg\" alt=\"\" class=\"wp-image-437 size-full\" srcset=\"http:\/\/amm-aikido.fr\/wp-content\/uploads\/2023\/08\/passage-grade-4ieme-Kyu-STEPHANE-12-juin-20231024.jpg 1021w, http:\/\/amm-aikido.fr\/wp-content\/uploads\/2023\/08\/passage-grade-4ieme-Kyu-STEPHANE-12-juin-20231024-300x226.jpg 300w, http:\/\/amm-aikido.fr\/wp-content\/uploads\/2023\/08\/passage-grade-4ieme-Kyu-STEPHANE-12-juin-20231024-768x578.jpg 768w, http:\/\/amm-aikido.fr\/wp-content\/uploads\/2023\/08\/passage-grade-4ieme-Kyu-STEPHANE-12-juin-20231024-705x530.jpg 705w, http:\/\/amm-aikido.fr\/wp-content\/uploads\/2023\/08\/passage-grade-4ieme-Kyu-STEPHANE-12-juin-20231024-450x338.jpg 450w\" sizes=\"(max-width: 1021px) 100vw, 1021px\" \/><\/a><\/figure><div class=\"wp-block-media-text__content\">\n<h2><strong>Passage d&rsquo;un nouveau grade <\/strong><\/h2>\n\n\n\n<h2 class=\"has-small-font-size\"><strong>le 12 juin 2023<\/strong><br><\/h2>\n\n\n\n<h2 class=\"has-large-font-size\">St\u00e9phane:  4ieme Kyu<\/h2>\n\n\n\n<p>FELICITATIONS !!! <\/p>\n<\/div><\/div>\n\n\n\n<div class=\"wp-block-media-text alignwide is-stacked-on-mobile\" style=\"grid-template-columns:57% auto\"><figure class=\"wp-block-media-text__media\"><a href=\"http:\/\/amm-aikido.fr\/wp-content\/uploads\/2023\/04\/IMGP8740-scaled.jpg\"><img loading=\"lazy\" width=\"1030\" height=\"690\" src=\"http:\/\/amm-aikido.fr\/wp-content\/uploads\/2023\/04\/IMGP8740-1030x690.jpg\" alt=\"\" class=\"wp-image-420 size-full\" srcset=\"http:\/\/amm-aikido.fr\/wp-content\/uploads\/2023\/04\/IMGP8740-1030x690.jpg 1030w, http:\/\/amm-aikido.fr\/wp-content\/uploads\/2023\/04\/IMGP8740-300x201.jpg 300w, http:\/\/amm-aikido.fr\/wp-content\/uploads\/2023\/04\/IMGP8740-768x514.jpg 768w, http:\/\/amm-aikido.fr\/wp-content\/uploads\/2023\/04\/IMGP8740-1536x1028.jpg 1536w, http:\/\/amm-aikido.fr\/wp-content\/uploads\/2023\/04\/IMGP8740-2048x1371.jpg 2048w, http:\/\/amm-aikido.fr\/wp-content\/uploads\/2023\/04\/IMGP8740-1500x1004.jpg 1500w, http:\/\/amm-aikido.fr\/wp-content\/uploads\/2023\/04\/IMGP8740-705x472.jpg 705w, http:\/\/amm-aikido.fr\/wp-content\/uploads\/2023\/04\/IMGP8740-450x301.jpg 450w\" sizes=\"(max-width: 1030px) 100vw, 1030px\" \/><\/a><\/figure><div class=\"wp-block-media-text__content\">\n<h2><strong>Passage d&rsquo;un nouveau grade <\/strong><\/h2>\n\n\n\n<h2 class=\"has-small-font-size\"><strong>le 6 mars 2023<\/strong><br><\/h2>\n\n\n\n<h2 class=\"has-large-font-size\">Franck:  2ieme Kyu<\/h2>\n\n\n\n<p>FELICITATIONS !!! <\/p>\n<\/div><\/div>\n\n\n\n<div class=\"wp-block-media-text alignwide\" style=\"grid-template-columns:57% auto\"><figure class=\"wp-block-media-text__media\"><img loading=\"lazy\" width=\"1030\" height=\"687\" src=\"http:\/\/amm-aikido.fr\/wp-content\/uploads\/2019\/07\/IMG_0615-1030x687.jpg\" alt=\"\" class=\"wp-image-120\" srcset=\"http:\/\/amm-aikido.fr\/wp-content\/uploads\/2019\/07\/IMG_0615-1030x687.jpg 1030w, http:\/\/amm-aikido.fr\/wp-content\/uploads\/2019\/07\/IMG_0615-300x200.jpg 300w, http:\/\/amm-aikido.fr\/wp-content\/uploads\/2019\/07\/IMG_0615-768x512.jpg 768w, http:\/\/amm-aikido.fr\/wp-content\/uploads\/2019\/07\/IMG_0615-1500x1000.jpg 1500w, http:\/\/amm-aikido.fr\/wp-content\/uploads\/2019\/07\/IMG_0615-705x470.jpg 705w, http:\/\/amm-aikido.fr\/wp-content\/uploads\/2019\/07\/IMG_0615-450x300.jpg 450w, http:\/\/amm-aikido.fr\/wp-content\/uploads\/2019\/07\/IMG_0615.jpg 1920w\" sizes=\"(max-width: 1030px) 100vw, 1030px\" \/><\/figure><div class=\"wp-block-media-text__content\">\n\n<h2> Remise du dipl\u00f4me  <\/h2>\n\n\n<p><strong>Passage d&rsquo;un nouveau grade :<\/strong><br>Arnaud Rudnicki : 1er Dan <\/p>\n\n<\/div><\/div>\n\n\n\n<div class=\"wp-block-media-text alignwide\"><figure class=\"wp-block-media-text__media\"><img loading=\"lazy\" width=\"579\" height=\"1030\" src=\"http:\/\/amm-aikido.fr\/wp-content\/uploads\/2019\/12\/20191115_2059271-e1575719244405-579x1030.jpg\" alt=\"\" class=\"wp-image-309\" srcset=\"http:\/\/amm-aikido.fr\/wp-content\/uploads\/2019\/12\/20191115_2059271-e1575719244405-579x1030.jpg 579w, http:\/\/amm-aikido.fr\/wp-content\/uploads\/2019\/12\/20191115_2059271-e1575719244405-169x300.jpg 169w, http:\/\/amm-aikido.fr\/wp-content\/uploads\/2019\/12\/20191115_2059271-e1575719244405-768x1365.jpg 768w, http:\/\/amm-aikido.fr\/wp-content\/uploads\/2019\/12\/20191115_2059271-e1575719244405-844x1500.jpg 844w, http:\/\/amm-aikido.fr\/wp-content\/uploads\/2019\/12\/20191115_2059271-e1575719244405-397x705.jpg 397w, http:\/\/amm-aikido.fr\/wp-content\/uploads\/2019\/12\/20191115_2059271-e1575719244405-450x800.jpg 450w, http:\/\/amm-aikido.fr\/wp-content\/uploads\/2019\/12\/20191115_2059271-e1575719244405.jpg 1440w\" sizes=\"(max-width: 579px) 100vw, 579px\" \/><\/figure><div class=\"wp-block-media-text__content\">\n\n<p class=\"has-large-font-size\"><\/p>\n\n<\/div><\/div>\n\n\n\n<div class=\"wp-block-media-text alignwide\"><figure class=\"wp-block-media-text__media\"><img loading=\"lazy\" width=\"579\" height=\"1030\" src=\"http:\/\/amm-aikido.fr\/wp-content\/uploads\/2019\/12\/20191115_2102291-e1575719218278-579x1030.jpg\" alt=\"\" class=\"wp-image-308\" srcset=\"http:\/\/amm-aikido.fr\/wp-content\/uploads\/2019\/12\/20191115_2102291-e1575719218278-579x1030.jpg 579w, http:\/\/amm-aikido.fr\/wp-content\/uploads\/2019\/12\/20191115_2102291-e1575719218278-169x300.jpg 169w, http:\/\/amm-aikido.fr\/wp-content\/uploads\/2019\/12\/20191115_2102291-e1575719218278-768x1365.jpg 768w, http:\/\/amm-aikido.fr\/wp-content\/uploads\/2019\/12\/20191115_2102291-e1575719218278-844x1500.jpg 844w, http:\/\/amm-aikido.fr\/wp-content\/uploads\/2019\/12\/20191115_2102291-e1575719218278-397x705.jpg 397w, http:\/\/amm-aikido.fr\/wp-content\/uploads\/2019\/12\/20191115_2102291-e1575719218278-450x800.jpg 450w, http:\/\/amm-aikido.fr\/wp-content\/uploads\/2019\/12\/20191115_2102291-e1575719218278.jpg 1440w\" sizes=\"(max-width: 579px) 100vw, 579px\" \/><\/figure><div class=\"wp-block-media-text__content\">\n\n<p class=\"has-large-font-size\"><\/p>\n\n<\/div><\/div>\n\n\n\n<hr class=\"wp-block-separator has-css-opacity\"\/>\n\n\n\n<div class=\"wp-block-media-text alignwide\" style=\"grid-template-columns:57% auto\"><figure class=\"wp-block-media-text__media\"><img loading=\"lazy\" width=\"1030\" height=\"773\" src=\"http:\/\/amm-aikido.fr\/wp-content\/uploads\/2019\/07\/media-1030x773.jpg\" alt=\"\" class=\"wp-image-106\" srcset=\"http:\/\/amm-aikido.fr\/wp-content\/uploads\/2019\/07\/media-1030x773.jpg 1030w, http:\/\/amm-aikido.fr\/wp-content\/uploads\/2019\/07\/media-300x225.jpg 300w, http:\/\/amm-aikido.fr\/wp-content\/uploads\/2019\/07\/media-768x576.jpg 768w, http:\/\/amm-aikido.fr\/wp-content\/uploads\/2019\/07\/media-1500x1125.jpg 1500w, http:\/\/amm-aikido.fr\/wp-content\/uploads\/2019\/07\/media-705x529.jpg 705w, http:\/\/amm-aikido.fr\/wp-content\/uploads\/2019\/07\/media-450x338.jpg 450w, http:\/\/amm-aikido.fr\/wp-content\/uploads\/2019\/07\/media.jpg 1552w\" sizes=\"(max-width: 1030px) 100vw, 1030px\" \/><\/figure><div class=\"wp-block-media-text__content\">\n\n<h2 class=\"has-text-align-left\"> Remise du dipl\u00f4me  <\/h2>\n\n\n<p class=\"has-text-align-left\"><strong>Remise du dipl\u00f4me 2<sup>\u00e8me<\/sup>&nbsp;Dan par notre Sensei Pierre Roussel-Galle \u00e0 Yavuz Toklu membre du club. F\u00e9licitation et bonne continuation pour la prochaine \u00e9tape !<\/strong> <\/p>\n\n\n<p><\/p>\n\n\n<p><\/p>\n\n\n<p class=\"has-huge-font-size\">M\u00e9moires:<\/p>\n\n<\/div><\/div>\n\n\n\n<p>En l&rsquo;honneur de notre Sense\u00ef Pierre-Rousselle Galle,&nbsp;nous avons d\u00e9cider de p\u00e9renniser le&nbsp;Club et&nbsp;de cr\u00e9er&nbsp;un nouveau Comit\u00e9.<\/p>\n\n\n\n<p>Par cet action nous esp\u00e9rons \u00eatre \u00e0 la hauteur de toutes nos esp\u00e9rances! Nous sommes toujours en contact avec Pierre pour lui donner des nouvelles r\u00e9guli\u00e8rement.<\/p>\n\n\n\n<p>Nous le remercions d&rsquo;avoir durant toutes ces ann\u00e9es mis tout en oeuvre pour s&rsquo;occuper du Club.<\/p>\n\n\n\n<p><\/p>\n","protected":false},"excerpt":{"rendered":"<p>Stage de base et perfectionnement \u00e0 Mulhouse le 19\/01\/25 Galette des rois 2025!!! Apr\u00e8s l&rsquo;effort; le r\u00e9confort! Explor&rsquo;Assos 2023 Le stand 6 est pr\u00eat \u00e0 vous accueillir! Rendez-vous Dimanche de 10h \u00e0 17h Passage d&rsquo;un nouveau grade le 19 juin 2023 David: 4ieme Kyu FELICITATIONS !!! Passage d&rsquo;un nouveau grade le 12 juin 2023 St\u00e9phane: [&hellip;]<\/p>\n","protected":false},"author":1,"featured_media":0,"parent":0,"menu_order":6,"comment_status":"closed","ping_status":"closed","template":"","meta":[],"_links":{"self":[{"href":"http:\/\/amm-aikido.fr\/index.php\/wp-json\/wp\/v2\/pages\/99"}],"collection":[{"href":"http:\/\/amm-aikido.fr\/index.php\/wp-json\/wp\/v2\/pages"}],"about":[{"href":"http:\/\/amm-aikido.fr\/index.php\/wp-json\/wp\/v2\/types\/page"}],"author":[{"embeddable":true,"href":"http:\/\/amm-aikido.fr\/index.php\/wp-json\/wp\/v2\/users\/1"}],"replies":[{"embeddable":true,"href":"http:\/\/amm-aikido.fr\/index.php\/wp-json\/wp\/v2\/comments?post=99"}],"version-history":[{"count":32,"href":"http:\/\/amm-aikido.fr\/index.php\/wp-json\/wp\/v2\/pages\/99\/revisions"}],"predecessor-version":[{"id":735,"href":"http:\/\/amm-aikido.fr\/index.php\/wp-json\/wp\/v2\/pages\/99\/revisions\/735"}],"wp:attachment":[{"href":"http:\/\/amm-aikido.fr\/index.php\/wp-json\/wp\/v2\/media?parent=99"}],"curies":[{"name":"wp","href":"https:\/\/api.w.org\/{rel}","templated":true}]}}